{"id":501,"date":"2026-01-29T09:44:08","date_gmt":"2026-01-29T08:44:08","guid":{"rendered":"https:\/\/snapfitness.shop.hidalgo.nl\/kundenportal\/"},"modified":"2026-01-29T09:50:38","modified_gmt":"2026-01-29T08:50:38","slug":"kundenportal","status":"publish","type":"page","link":"https:\/\/snapfitness.hidalgo.nl\/de\/kundenportal\/","title":{"rendered":"Kundenportal"},"content":{"rendered":"<h2><strong>Willkommen im Snap Fitness Merchandise-Portal. <\/strong><\/h2>\n<p>Dieses Portal wurde speziell f\u00fcr Snap Fitness entwickelt und bietet einen \u00dcberblick \u00fcber verf\u00fcgbare Merchandise-Artikel, die vollst\u00e4ndig auf die Marke abgestimmt sind.<br \/>\nDieses Kundenportal ist eine sichere Online-Umgebung speziell f\u00fcr Snap Fitness, in der Sie einfach Merchandise-Artikel ansehen, verwalten und bestellen k\u00f6nnen.<\/p>\n<p>Sind Sie neugierig, was wir f\u00fcr Ihr Unternehmen bedeuten k\u00f6nnen?<br \/>\nNehmen Sie unverbindlich Kontakt mit uns auf unter info@hidalgo.nl.<\/p>\n","protected":false},"excerpt":{"rendered":"<p>Willkommen im Snap Fitness Merchandise-Portal. Dieses Portal wurde speziell f\u00fcr Snap Fitness entwickelt und bietet einen \u00dcberblick \u00fcber verf\u00fcgbare Merchandise-Artikel, die vollst\u00e4ndig auf die Marke abgestimmt sind. Dieses Kundenportal ist eine sichere Online-Umgebung speziell f\u00fcr Snap Fitness, in der Sie einfach Merchandise-Artikel ansehen, verwalten und bestellen k\u00f6nnen. Sind Sie neugierig, was wir f\u00fcr Ihr Unternehmen&hellip; <a class=\"more-link\" href=\"https:\/\/snapfitness.hidalgo.nl\/de\/kundenportal\/\"><span class=\"screen-reader-text\">Kundenportal<\/span> weiterlesen<\/a><\/p>\n","protected":false},"author":6,"featured_media":0,"parent":0,"menu_order":0,"comment_status":"closed","ping_status":"closed","template":"","meta":{"_acf_changed":false,"_monsterinsights_skip_tracking":false,"_monsterinsights_sitenote_active":false,"_monsterinsights_sitenote_note":"","_monsterinsights_sitenote_category":0,"footnotes":""},"class_list":["post-501","page","type-page","status-publish","hentry","entry"],"acf":[],"aioseo_notices":[],"aioseo_head":"\n\t\t<!-- All in One SEO Pro 4.9.6.1 - aioseo.com -->\n\t<meta name=\"description\" content=\"Willkommen im Snap Fitness Merchandise-Portal. Dieses Portal wurde speziell f\u00fcr Snap Fitness entwickelt und bietet einen \u00dcberblick \u00fcber verf\u00fcgbare Merchandise-Artikel, die vollst\u00e4ndig auf die Marke abgestimmt sind. Dieses Kundenportal ist eine sichere Online-Umgebung speziell f\u00fcr Snap Fitness, in der Sie einfach Merchandise-Artikel ansehen, verwalten und bestellen k\u00f6nnen. Sind Sie neugierig, was wir f\u00fcr Ihr Unternehmen\" \/>\n\t<meta name=\"robots\" content=\"max-image-preview:large\" \/>\n\t<meta name=\"google-site-verification\" content=\"BBMiYHShnVBoc8v9xoHf0FXMC27otVB0wiWxw_hFRrM\" \/>\n\t<link rel=\"canonical\" href=\"https:\/\/snapfitness.hidalgo.nl\/de\/wp-json\/wp\/v2\/pages\/501\" \/>\n\t<meta name=\"generator\" content=\"All in One SEO Pro (AIOSEO) 4.9.6.1\" \/>\n\t\t<meta property=\"og:locale\" content=\"de_DE\" \/>\n\t\t<meta property=\"og:site_name\" content=\"Snap Fitness -\" \/>\n\t\t<meta property=\"og:type\" content=\"article\" \/>\n\t\t<meta property=\"og:title\" content=\"Kundenportal - Snap Fitness\" \/>\n\t\t<meta property=\"og:description\" content=\"Willkommen im Snap Fitness Merchandise-Portal. Dieses Portal wurde speziell f\u00fcr Snap Fitness entwickelt und bietet einen \u00dcberblick \u00fcber verf\u00fcgbare Merchandise-Artikel, die vollst\u00e4ndig auf die Marke abgestimmt sind. Dieses Kundenportal ist eine sichere Online-Umgebung speziell f\u00fcr Snap Fitness, in der Sie einfach Merchandise-Artikel ansehen, verwalten und bestellen k\u00f6nnen. Sind Sie neugierig, was wir f\u00fcr Ihr Unternehmen\" \/>\n\t\t<meta property=\"og:url\" content=\"https:\/\/snapfitness.hidalgo.nl\/de\/wp-json\/wp\/v2\/pages\/501\" \/>\n\t\t<meta property=\"og:image\" content=\"https:\/\/shop.hidalgo.nl\/wp-content\/uploads\/2026\/01\/logo-17079890304.png\" \/>\n\t\t<meta property=\"og:image:secure_url\" content=\"https:\/\/shop.hidalgo.nl\/wp-content\/uploads\/2026\/01\/logo-17079890304.png\" \/>\n\t\t<meta property=\"article:published_time\" content=\"2026-01-29T08:44:08+00:00\" \/>\n\t\t<meta property=\"article:modified_time\" content=\"2026-01-29T08:50:38+00:00\" \/>\n\t\t<meta name=\"twitter:card\" content=\"summary_large_image\" \/>\n\t\t<meta name=\"twitter:title\" content=\"Kundenportal - Snap Fitness\" \/>\n\t\t<meta name=\"twitter:description\" content=\"Willkommen im Snap Fitness Merchandise-Portal. Dieses Portal wurde speziell f\u00fcr Snap Fitness entwickelt und bietet einen \u00dcberblick \u00fcber verf\u00fcgbare Merchandise-Artikel, die vollst\u00e4ndig auf die Marke abgestimmt sind. Dieses Kundenportal ist eine sichere Online-Umgebung speziell f\u00fcr Snap Fitness, in der Sie einfach Merchandise-Artikel ansehen, verwalten und bestellen k\u00f6nnen. Sind Sie neugierig, was wir f\u00fcr Ihr Unternehmen\" \/>\n\t\t<meta name=\"twitter:image\" content=\"https:\/\/shop.hidalgo.nl\/wp-content\/uploads\/2026\/01\/logo-17079890304.png\" \/>\n\t\t<script type=\"application\/ld+json\" class=\"aioseo-schema\">\n\t\t\t{\"@context\":\"https:\\\/\\\/schema.org\",\"@graph\":[{\"@type\":\"BreadcrumbList\",\"@id\":\"https:\\\/\\\/snapfitness.hidalgo.nl\\\/de\\\/kundenportal\\\/#breadcrumblist\",\"itemListElement\":[{\"@type\":\"ListItem\",\"@id\":\"https:\\\/\\\/snapfitness.hidalgo.nl\\\/de\\\/#listItem\",\"position\":1,\"name\":\"Home\",\"item\":\"https:\\\/\\\/snapfitness.hidalgo.nl\\\/de\\\/\",\"nextItem\":{\"@type\":\"ListItem\",\"@id\":\"https:\\\/\\\/snapfitness.hidalgo.nl\\\/de\\\/kundenportal\\\/#listItem\",\"name\":\"Kundenportal\"}},{\"@type\":\"ListItem\",\"@id\":\"https:\\\/\\\/snapfitness.hidalgo.nl\\\/de\\\/kundenportal\\\/#listItem\",\"position\":2,\"name\":\"Kundenportal\",\"previousItem\":{\"@type\":\"ListItem\",\"@id\":\"https:\\\/\\\/snapfitness.hidalgo.nl\\\/de\\\/#listItem\",\"name\":\"Home\"}}]},{\"@type\":\"Organization\",\"@id\":\"https:\\\/\\\/snapfitness.hidalgo.nl\\\/de\\\/#organization\",\"name\":\"Snap Fitness\",\"url\":\"https:\\\/\\\/snapfitness.hidalgo.nl\\\/de\\\/\",\"logo\":{\"@type\":\"ImageObject\",\"url\":\"https:\\\/\\\/shop.hidalgo.nl\\\/wp-content\\\/uploads\\\/2026\\\/01\\\/logo-17079890304.png\",\"@id\":\"https:\\\/\\\/snapfitness.hidalgo.nl\\\/de\\\/kundenportal\\\/#organizationLogo\",\"width\":394,\"height\":88},\"image\":{\"@id\":\"https:\\\/\\\/snapfitness.hidalgo.nl\\\/de\\\/kundenportal\\\/#organizationLogo\"}},{\"@type\":\"WebPage\",\"@id\":\"https:\\\/\\\/snapfitness.hidalgo.nl\\\/de\\\/kundenportal\\\/#webpage\",\"url\":\"https:\\\/\\\/snapfitness.hidalgo.nl\\\/de\\\/kundenportal\\\/\",\"name\":\"Kundenportal - Snap Fitness\",\"description\":\"Willkommen im Snap Fitness Merchandise-Portal. Dieses Portal wurde speziell f\\u00fcr Snap Fitness entwickelt und bietet einen \\u00dcberblick \\u00fcber verf\\u00fcgbare Merchandise-Artikel, die vollst\\u00e4ndig auf die Marke abgestimmt sind. Dieses Kundenportal ist eine sichere Online-Umgebung speziell f\\u00fcr Snap Fitness, in der Sie einfach Merchandise-Artikel ansehen, verwalten und bestellen k\\u00f6nnen. Sind Sie neugierig, was wir f\\u00fcr Ihr Unternehmen\",\"inLanguage\":\"de-DE\",\"isPartOf\":{\"@id\":\"https:\\\/\\\/snapfitness.hidalgo.nl\\\/de\\\/#website\"},\"breadcrumb\":{\"@id\":\"https:\\\/\\\/snapfitness.hidalgo.nl\\\/de\\\/kundenportal\\\/#breadcrumblist\"},\"datePublished\":\"2026-01-29T09:44:08+01:00\",\"dateModified\":\"2026-01-29T09:50:38+01:00\"},{\"@type\":\"WebSite\",\"@id\":\"https:\\\/\\\/snapfitness.hidalgo.nl\\\/de\\\/#website\",\"url\":\"https:\\\/\\\/snapfitness.hidalgo.nl\\\/de\\\/\",\"name\":\"Snap Fitness\",\"inLanguage\":\"de-DE\",\"publisher\":{\"@id\":\"https:\\\/\\\/snapfitness.hidalgo.nl\\\/de\\\/#organization\"}}]}\n\t\t<\/script>\n\t\t<!-- All in One SEO Pro -->\r\n\t\t<title>Kundenportal - Snap Fitness<\/title>\n\n","aioseo_head_json":{"title":"Kundenportal - Snap Fitness","description":"Willkommen im Snap Fitness Merchandise-Portal. Dieses Portal wurde speziell f\u00fcr Snap Fitness entwickelt und bietet einen \u00dcberblick \u00fcber verf\u00fcgbare Merchandise-Artikel, die vollst\u00e4ndig auf die Marke abgestimmt sind. Dieses Kundenportal ist eine sichere Online-Umgebung speziell f\u00fcr Snap Fitness, in der Sie einfach Merchandise-Artikel ansehen, verwalten und bestellen k\u00f6nnen. Sind Sie neugierig, was wir f\u00fcr Ihr Unternehmen","canonical_url":"https:\/\/snapfitness.hidalgo.nl\/de\/wp-json\/wp\/v2\/pages\/501","robots":"max-image-preview:large","keywords":"","webmasterTools":{"google-site-verification":"BBMiYHShnVBoc8v9xoHf0FXMC27otVB0wiWxw_hFRrM","miscellaneous":""},"schema":{"@context":"https:\/\/schema.org","@graph":[{"@type":"BreadcrumbList","@id":"https:\/\/snapfitness.hidalgo.nl\/de\/kundenportal\/#breadcrumblist","itemListElement":[{"@type":"ListItem","@id":"https:\/\/snapfitness.hidalgo.nl\/de\/#listItem","position":1,"name":"Home","item":"https:\/\/snapfitness.hidalgo.nl\/de\/","nextItem":{"@type":"ListItem","@id":"https:\/\/snapfitness.hidalgo.nl\/de\/kundenportal\/#listItem","name":"Kundenportal"}},{"@type":"ListItem","@id":"https:\/\/snapfitness.hidalgo.nl\/de\/kundenportal\/#listItem","position":2,"name":"Kundenportal","previousItem":{"@type":"ListItem","@id":"https:\/\/snapfitness.hidalgo.nl\/de\/#listItem","name":"Home"}}]},{"@type":"Organization","@id":"https:\/\/snapfitness.hidalgo.nl\/de\/#organization","name":"Snap Fitness","url":"https:\/\/snapfitness.hidalgo.nl\/de\/","logo":{"@type":"ImageObject","url":"https:\/\/shop.hidalgo.nl\/wp-content\/uploads\/2026\/01\/logo-17079890304.png","@id":"https:\/\/snapfitness.hidalgo.nl\/de\/kundenportal\/#organizationLogo","width":394,"height":88},"image":{"@id":"https:\/\/snapfitness.hidalgo.nl\/de\/kundenportal\/#organizationLogo"}},{"@type":"WebPage","@id":"https:\/\/snapfitness.hidalgo.nl\/de\/kundenportal\/#webpage","url":"https:\/\/snapfitness.hidalgo.nl\/de\/kundenportal\/","name":"Kundenportal - Snap Fitness","description":"Willkommen im Snap Fitness Merchandise-Portal. Dieses Portal wurde speziell f\u00fcr Snap Fitness entwickelt und bietet einen \u00dcberblick \u00fcber verf\u00fcgbare Merchandise-Artikel, die vollst\u00e4ndig auf die Marke abgestimmt sind. Dieses Kundenportal ist eine sichere Online-Umgebung speziell f\u00fcr Snap Fitness, in der Sie einfach Merchandise-Artikel ansehen, verwalten und bestellen k\u00f6nnen. Sind Sie neugierig, was wir f\u00fcr Ihr Unternehmen","inLanguage":"de-DE","isPartOf":{"@id":"https:\/\/snapfitness.hidalgo.nl\/de\/#website"},"breadcrumb":{"@id":"https:\/\/snapfitness.hidalgo.nl\/de\/kundenportal\/#breadcrumblist"},"datePublished":"2026-01-29T09:44:08+01:00","dateModified":"2026-01-29T09:50:38+01:00"},{"@type":"WebSite","@id":"https:\/\/snapfitness.hidalgo.nl\/de\/#website","url":"https:\/\/snapfitness.hidalgo.nl\/de\/","name":"Snap Fitness","inLanguage":"de-DE","publisher":{"@id":"https:\/\/snapfitness.hidalgo.nl\/de\/#organization"}}]},"og:locale":"de_DE","og:site_name":"Snap Fitness -","og:type":"article","og:title":"Kundenportal - Snap Fitness","og:description":"Willkommen im Snap Fitness Merchandise-Portal. Dieses Portal wurde speziell f\u00fcr Snap Fitness entwickelt und bietet einen \u00dcberblick \u00fcber verf\u00fcgbare Merchandise-Artikel, die vollst\u00e4ndig auf die Marke abgestimmt sind. Dieses Kundenportal ist eine sichere Online-Umgebung speziell f\u00fcr Snap Fitness, in der Sie einfach Merchandise-Artikel ansehen, verwalten und bestellen k\u00f6nnen. Sind Sie neugierig, was wir f\u00fcr Ihr Unternehmen","og:url":"https:\/\/snapfitness.hidalgo.nl\/de\/wp-json\/wp\/v2\/pages\/501","og:image":"https:\/\/shop.hidalgo.nl\/wp-content\/uploads\/2026\/01\/logo-17079890304.png","og:image:secure_url":"https:\/\/shop.hidalgo.nl\/wp-content\/uploads\/2026\/01\/logo-17079890304.png","article:published_time":"2026-01-29T08:44:08+00:00","article:modified_time":"2026-01-29T08:50:38+00:00","twitter:card":"summary_large_image","twitter:title":"Kundenportal - Snap Fitness","twitter:description":"Willkommen im Snap Fitness Merchandise-Portal. Dieses Portal wurde speziell f\u00fcr Snap Fitness entwickelt und bietet einen \u00dcberblick \u00fcber verf\u00fcgbare Merchandise-Artikel, die vollst\u00e4ndig auf die Marke abgestimmt sind. Dieses Kundenportal ist eine sichere Online-Umgebung speziell f\u00fcr Snap Fitness, in der Sie einfach Merchandise-Artikel ansehen, verwalten und bestellen k\u00f6nnen. Sind Sie neugierig, was wir f\u00fcr Ihr Unternehmen","twitter:image":"https:\/\/shop.hidalgo.nl\/wp-content\/uploads\/2026\/01\/logo-17079890304.png"},"aioseo_meta_data":{"post_id":"501","title":null,"description":null,"keywords":null,"keyphrases":{"focus":{"keyphrase":"","score":0,"analysis":{"keyphraseInTitle":{"score":0,"maxScore":9,"error":1}}},"additional":[]},"primary_term":null,"canonical_url":null,"og_title":null,"og_description":null,"og_object_type":"default","og_image_type":"default","og_image_url":null,"og_image_width":null,"og_image_height":null,"og_image_custom_url":null,"og_image_custom_fields":null,"og_video":"","og_custom_url":null,"og_article_section":null,"og_article_tags":null,"twitter_use_og":false,"twitter_card":"default","twitter_image_type":"default","twitter_image_url":null,"twitter_image_custom_url":null,"twitter_image_custom_fields":null,"twitter_title":null,"twitter_description":null,"schema":{"blockGraphs":[],"customGraphs":[],"default":{"data":{"Article":[],"Course":[],"Dataset":[],"FAQPage":[],"Movie":[],"Person":[],"Product":[],"ProductReview":[],"Car":[],"Recipe":[],"Service":[],"SoftwareApplication":[],"WebPage":[]},"graphName":"WebPage","isEnabled":true},"graphs":[]},"schema_type":"default","schema_type_options":null,"pillar_content":false,"robots_default":true,"robots_noindex":false,"robots_noarchive":false,"robots_nosnippet":false,"robots_nofollow":false,"robots_noimageindex":false,"robots_noodp":false,"robots_notranslate":false,"robots_max_snippet":"-1","robots_max_videopreview":"-1","robots_max_imagepreview":"large","priority":null,"frequency":"default","local_seo":null,"seo_analyzer_scan_date":"2026-01-29 08:59:33","breadcrumb_settings":null,"limit_modified_date":false,"reviewed_by":null,"open_ai":null,"ai":{"faqs":[],"keyPoints":[],"titles":[],"descriptions":[],"socialPosts":{"email":[],"linkedin":[],"twitter":[],"facebook":[],"instagram":[]}},"created":"2026-01-29 08:45:17","updated":"2026-01-29 09:48:06"},"aioseo_breadcrumb":"<div class=\"aioseo-breadcrumbs\"><span class=\"aioseo-breadcrumb\">\n\t<a href=\"https:\/\/snapfitness.hidalgo.nl\/de\/\" title=\"Home\">Home<\/a>\n<\/span><span class=\"aioseo-breadcrumb-separator\">\u00bb<\/span><span class=\"aioseo-breadcrumb\">\n\tKundenportal\n<\/span><\/div>","aioseo_breadcrumb_json":[{"label":"Home","link":"https:\/\/snapfitness.hidalgo.nl\/de\/"},{"label":"Kundenportal","link":"https:\/\/snapfitness.hidalgo.nl\/de\/kundenportal\/"}],"_links":{"self":[{"href":"https:\/\/snapfitness.hidalgo.nl\/de\/wp-json\/wp\/v2\/pages\/501","targetHints":{"allow":["GET"]}}],"collection":[{"href":"https:\/\/snapfitness.hidalgo.nl\/de\/wp-json\/wp\/v2\/pages"}],"about":[{"href":"https:\/\/snapfitness.hidalgo.nl\/de\/wp-json\/wp\/v2\/types\/page"}],"author":[{"embeddable":true,"href":"https:\/\/snapfitness.hidalgo.nl\/de\/wp-json\/wp\/v2\/users\/6"}],"replies":[{"embeddable":true,"href":"https:\/\/snapfitness.hidalgo.nl\/de\/wp-json\/wp\/v2\/comments?post=501"}],"version-history":[{"count":2,"href":"https:\/\/snapfitness.hidalgo.nl\/de\/wp-json\/wp\/v2\/pages\/501\/revisions"}],"predecessor-version":[{"id":509,"href":"https:\/\/snapfitness.hidalgo.nl\/de\/wp-json\/wp\/v2\/pages\/501\/revisions\/509"}],"wp:attachment":[{"href":"https:\/\/snapfitness.hidalgo.nl\/de\/wp-json\/wp\/v2\/media?parent=501"}],"curies":[{"name":"wp","href":"https:\/\/api.w.org\/{rel}","templated":true}]}}