{"id":458,"date":"2026-01-23T09:29:16","date_gmt":"2026-01-23T09:29:16","guid":{"rendered":"https:\/\/snapfitness.shop.hidalgo.nl\/retouren\/"},"modified":"2026-01-23T09:38:44","modified_gmt":"2026-01-23T09:38:44","slug":"retouren","status":"publish","type":"page","link":"https:\/\/snapfitness.hidalgo.nl\/de\/retouren\/","title":{"rendered":"Retouren"},"content":{"rendered":"<p><strong>Verfahren f\u00fcr den Produktr\u00fcckruf<\/strong><\/p>\n<p>Bei Hidalgo Bags &amp; More steht die Produktsicherheit an erster Stelle. Wenn wir eine Meldung \u00fcber ein potenziell unsicheres oder mangelhaftes Produkt erhalten, wird diese umgehend von der Gesch\u00e4ftsleitung beurteilt.<\/p>\n<p>Bei Bedarf wird ein R\u00fcckrufteam zusammengestellt, das aus der Gesch\u00e4ftsleitung, dem zust\u00e4ndigen Account Manager und dem Eink\u00e4ufer besteht. Dieses Team untersucht die Art des Problems, die Herkunft des Produkts und wo sich die betreffenden Produkte befinden. Alle relevanten Informationen werden in unserem Auftrags- und ERP-System erfasst.<\/p>\n<p>Auf der Grundlage dieser Untersuchung wird festgestellt, ob eine Korrekturma\u00dfnahme oder ein Produktr\u00fcckruf erforderlich ist. Dabei folgen wir den geltenden Gesetzen und Vorschriften und, falls zutreffend, den Richtlinien der niederl\u00e4ndischen Beh\u00f6rde f\u00fcr Lebensmittel- und Produktsicherheit (NVWA). Betroffene Kunden, Lieferanten und andere relevante Parteien werden rechtzeitig und transparent informiert.<\/p>\n<p>Wenn sich Produkte bereits bei Endverbrauchern befinden, sorgen wir f\u00fcr eine klare Kommunikation und eine passende L\u00f6sung, wie z. B. R\u00fccknahme, Ersatz oder eine andere Korrekturma\u00dfnahme.<\/p>\n<p>Nach Abschluss eines R\u00fcckrufs evaluieren wir den Prozess, um eine Wiederholung zu vermeiden und unsere Arbeitsweise kontinuierlich zu verbessern.<\/p>\n<p>Da bedruckte Produkte speziell f\u00fcr Sie angefertigt werden, erlischt das gesetzliche Widerrufsrecht und eine R\u00fcckgabe ist nicht m\u00f6glich, es sei denn, das Produkt entspricht nicht der Vereinbarung.<\/p>\n","protected":false},"excerpt":{"rendered":"<p>Verfahren f\u00fcr den Produktr\u00fcckruf Bei Hidalgo Bags &amp; More steht die Produktsicherheit an erster Stelle. Wenn wir eine Meldung \u00fcber ein potenziell unsicheres oder mangelhaftes Produkt erhalten, wird diese umgehend von der Gesch\u00e4ftsleitung beurteilt. Bei Bedarf wird ein R\u00fcckrufteam zusammengestellt, das aus der Gesch\u00e4ftsleitung, dem zust\u00e4ndigen Account Manager und dem Eink\u00e4ufer besteht. Dieses Team untersucht&hellip; <a class=\"more-link\" href=\"https:\/\/snapfitness.hidalgo.nl\/de\/retouren\/\"><span class=\"screen-reader-text\">Retouren<\/span> weiterlesen<\/a><\/p>\n","protected":false},"author":6,"featured_media":0,"parent":0,"menu_order":0,"comment_status":"closed","ping_status":"closed","template":"","meta":{"_acf_changed":false,"_monsterinsights_skip_tracking":false,"_monsterinsights_sitenote_active":false,"_monsterinsights_sitenote_note":"","_monsterinsights_sitenote_category":0,"footnotes":""},"class_list":["post-458","page","type-page","status-publish","hentry","entry"],"acf":[],"aioseo_notices":[],"aioseo_head":"\n\t\t<!-- All in One SEO Pro 4.9.6.2 - aioseo.com -->\n\t<meta name=\"description\" content=\"Verfahren f\u00fcr den Produktr\u00fcckruf Bei Hidalgo Bags &amp; More steht die Produktsicherheit an erster Stelle. Wenn wir eine Meldung \u00fcber ein potenziell unsicheres oder mangelhaftes Produkt erhalten, wird diese umgehend von der Gesch\u00e4ftsleitung beurteilt. Bei Bedarf wird ein R\u00fcckrufteam zusammengestellt, das aus der Gesch\u00e4ftsleitung, dem zust\u00e4ndigen Account Manager und dem Eink\u00e4ufer besteht. Dieses Team untersucht\" \/>\n\t<meta name=\"robots\" content=\"max-image-preview:large\" \/>\n\t<meta name=\"google-site-verification\" content=\"BBMiYHShnVBoc8v9xoHf0FXMC27otVB0wiWxw_hFRrM\" \/>\n\t<link rel=\"canonical\" href=\"https:\/\/snapfitness.hidalgo.nl\/de\/wp-json\/wp\/v2\/pages\/458\" \/>\n\t<meta name=\"generator\" content=\"All in One SEO Pro (AIOSEO) 4.9.6.2\" \/>\n\t\t<meta property=\"og:locale\" content=\"de_DE\" \/>\n\t\t<meta property=\"og:site_name\" content=\"Snap Fitness -\" \/>\n\t\t<meta property=\"og:type\" content=\"article\" \/>\n\t\t<meta property=\"og:title\" content=\"Retouren - Snap Fitness\" \/>\n\t\t<meta property=\"og:description\" content=\"Verfahren f\u00fcr den Produktr\u00fcckruf Bei Hidalgo Bags &amp; More steht die Produktsicherheit an erster Stelle. Wenn wir eine Meldung \u00fcber ein potenziell unsicheres oder mangelhaftes Produkt erhalten, wird diese umgehend von der Gesch\u00e4ftsleitung beurteilt. Bei Bedarf wird ein R\u00fcckrufteam zusammengestellt, das aus der Gesch\u00e4ftsleitung, dem zust\u00e4ndigen Account Manager und dem Eink\u00e4ufer besteht. Dieses Team untersucht\" \/>\n\t\t<meta property=\"og:url\" content=\"https:\/\/snapfitness.hidalgo.nl\/de\/wp-json\/wp\/v2\/pages\/458\" \/>\n\t\t<meta property=\"og:image\" content=\"https:\/\/shop.hidalgo.nl\/wp-content\/uploads\/2026\/01\/logo-17079890304.png\" \/>\n\t\t<meta property=\"og:image:secure_url\" content=\"https:\/\/shop.hidalgo.nl\/wp-content\/uploads\/2026\/01\/logo-17079890304.png\" \/>\n\t\t<meta property=\"article:published_time\" content=\"2026-01-23T09:29:16+00:00\" \/>\n\t\t<meta property=\"article:modified_time\" content=\"2026-01-23T09:38:44+00:00\" \/>\n\t\t<meta name=\"twitter:card\" content=\"summary_large_image\" \/>\n\t\t<meta name=\"twitter:title\" content=\"Retouren - Snap Fitness\" \/>\n\t\t<meta name=\"twitter:description\" content=\"Verfahren f\u00fcr den Produktr\u00fcckruf Bei Hidalgo Bags &amp; More steht die Produktsicherheit an erster Stelle. Wenn wir eine Meldung \u00fcber ein potenziell unsicheres oder mangelhaftes Produkt erhalten, wird diese umgehend von der Gesch\u00e4ftsleitung beurteilt. Bei Bedarf wird ein R\u00fcckrufteam zusammengestellt, das aus der Gesch\u00e4ftsleitung, dem zust\u00e4ndigen Account Manager und dem Eink\u00e4ufer besteht. Dieses Team untersucht\" \/>\n\t\t<meta name=\"twitter:image\" content=\"https:\/\/shop.hidalgo.nl\/wp-content\/uploads\/2026\/01\/logo-17079890304.png\" \/>\n\t\t<script type=\"application\/ld+json\" class=\"aioseo-schema\">\n\t\t\t{\"@context\":\"https:\\\/\\\/schema.org\",\"@graph\":[{\"@type\":\"BreadcrumbList\",\"@id\":\"https:\\\/\\\/snapfitness.hidalgo.nl\\\/de\\\/retouren\\\/#breadcrumblist\",\"itemListElement\":[{\"@type\":\"ListItem\",\"@id\":\"https:\\\/\\\/snapfitness.hidalgo.nl\\\/de\\\/#listItem\",\"position\":1,\"name\":\"Home\",\"item\":\"https:\\\/\\\/snapfitness.hidalgo.nl\\\/de\\\/\",\"nextItem\":{\"@type\":\"ListItem\",\"@id\":\"https:\\\/\\\/snapfitness.hidalgo.nl\\\/de\\\/retouren\\\/#listItem\",\"name\":\"Retouren\"}},{\"@type\":\"ListItem\",\"@id\":\"https:\\\/\\\/snapfitness.hidalgo.nl\\\/de\\\/retouren\\\/#listItem\",\"position\":2,\"name\":\"Retouren\",\"previousItem\":{\"@type\":\"ListItem\",\"@id\":\"https:\\\/\\\/snapfitness.hidalgo.nl\\\/de\\\/#listItem\",\"name\":\"Home\"}}]},{\"@type\":\"Organization\",\"@id\":\"https:\\\/\\\/snapfitness.hidalgo.nl\\\/de\\\/#organization\",\"name\":\"Snap Fitness\",\"url\":\"https:\\\/\\\/snapfitness.hidalgo.nl\\\/de\\\/\",\"logo\":{\"@type\":\"ImageObject\",\"url\":\"https:\\\/\\\/shop.hidalgo.nl\\\/wp-content\\\/uploads\\\/2026\\\/01\\\/logo-17079890304.png\",\"@id\":\"https:\\\/\\\/snapfitness.hidalgo.nl\\\/de\\\/retouren\\\/#organizationLogo\",\"width\":394,\"height\":88},\"image\":{\"@id\":\"https:\\\/\\\/snapfitness.hidalgo.nl\\\/de\\\/retouren\\\/#organizationLogo\"}},{\"@type\":\"WebPage\",\"@id\":\"https:\\\/\\\/snapfitness.hidalgo.nl\\\/de\\\/retouren\\\/#webpage\",\"url\":\"https:\\\/\\\/snapfitness.hidalgo.nl\\\/de\\\/retouren\\\/\",\"name\":\"Retouren - Snap Fitness\",\"description\":\"Verfahren f\\u00fcr den Produktr\\u00fcckruf Bei Hidalgo Bags & More steht die Produktsicherheit an erster Stelle. Wenn wir eine Meldung \\u00fcber ein potenziell unsicheres oder mangelhaftes Produkt erhalten, wird diese umgehend von der Gesch\\u00e4ftsleitung beurteilt. Bei Bedarf wird ein R\\u00fcckrufteam zusammengestellt, das aus der Gesch\\u00e4ftsleitung, dem zust\\u00e4ndigen Account Manager und dem Eink\\u00e4ufer besteht. Dieses Team untersucht\",\"inLanguage\":\"de-DE\",\"isPartOf\":{\"@id\":\"https:\\\/\\\/snapfitness.hidalgo.nl\\\/de\\\/#website\"},\"breadcrumb\":{\"@id\":\"https:\\\/\\\/snapfitness.hidalgo.nl\\\/de\\\/retouren\\\/#breadcrumblist\"},\"datePublished\":\"2026-01-23T09:29:16+01:00\",\"dateModified\":\"2026-01-23T09:38:44+01:00\"},{\"@type\":\"WebSite\",\"@id\":\"https:\\\/\\\/snapfitness.hidalgo.nl\\\/de\\\/#website\",\"url\":\"https:\\\/\\\/snapfitness.hidalgo.nl\\\/de\\\/\",\"name\":\"Snap Fitness\",\"inLanguage\":\"de-DE\",\"publisher\":{\"@id\":\"https:\\\/\\\/snapfitness.hidalgo.nl\\\/de\\\/#organization\"}}]}\n\t\t<\/script>\n\t\t<!-- All in One SEO Pro -->\r\n\t\t<title>Retouren - Snap Fitness<\/title>\n\n","aioseo_head_json":{"title":"Retouren - Snap Fitness","description":"Verfahren f\u00fcr den Produktr\u00fcckruf Bei Hidalgo Bags & More steht die Produktsicherheit an erster Stelle. Wenn wir eine Meldung \u00fcber ein potenziell unsicheres oder mangelhaftes Produkt erhalten, wird diese umgehend von der Gesch\u00e4ftsleitung beurteilt. Bei Bedarf wird ein R\u00fcckrufteam zusammengestellt, das aus der Gesch\u00e4ftsleitung, dem zust\u00e4ndigen Account Manager und dem Eink\u00e4ufer besteht. Dieses Team untersucht","canonical_url":"https:\/\/snapfitness.hidalgo.nl\/de\/wp-json\/wp\/v2\/pages\/458","robots":"max-image-preview:large","keywords":"","webmasterTools":{"google-site-verification":"BBMiYHShnVBoc8v9xoHf0FXMC27otVB0wiWxw_hFRrM","miscellaneous":""},"schema":{"@context":"https:\/\/schema.org","@graph":[{"@type":"BreadcrumbList","@id":"https:\/\/snapfitness.hidalgo.nl\/de\/retouren\/#breadcrumblist","itemListElement":[{"@type":"ListItem","@id":"https:\/\/snapfitness.hidalgo.nl\/de\/#listItem","position":1,"name":"Home","item":"https:\/\/snapfitness.hidalgo.nl\/de\/","nextItem":{"@type":"ListItem","@id":"https:\/\/snapfitness.hidalgo.nl\/de\/retouren\/#listItem","name":"Retouren"}},{"@type":"ListItem","@id":"https:\/\/snapfitness.hidalgo.nl\/de\/retouren\/#listItem","position":2,"name":"Retouren","previousItem":{"@type":"ListItem","@id":"https:\/\/snapfitness.hidalgo.nl\/de\/#listItem","name":"Home"}}]},{"@type":"Organization","@id":"https:\/\/snapfitness.hidalgo.nl\/de\/#organization","name":"Snap Fitness","url":"https:\/\/snapfitness.hidalgo.nl\/de\/","logo":{"@type":"ImageObject","url":"https:\/\/shop.hidalgo.nl\/wp-content\/uploads\/2026\/01\/logo-17079890304.png","@id":"https:\/\/snapfitness.hidalgo.nl\/de\/retouren\/#organizationLogo","width":394,"height":88},"image":{"@id":"https:\/\/snapfitness.hidalgo.nl\/de\/retouren\/#organizationLogo"}},{"@type":"WebPage","@id":"https:\/\/snapfitness.hidalgo.nl\/de\/retouren\/#webpage","url":"https:\/\/snapfitness.hidalgo.nl\/de\/retouren\/","name":"Retouren - Snap Fitness","description":"Verfahren f\u00fcr den Produktr\u00fcckruf Bei Hidalgo Bags & More steht die Produktsicherheit an erster Stelle. Wenn wir eine Meldung \u00fcber ein potenziell unsicheres oder mangelhaftes Produkt erhalten, wird diese umgehend von der Gesch\u00e4ftsleitung beurteilt. Bei Bedarf wird ein R\u00fcckrufteam zusammengestellt, das aus der Gesch\u00e4ftsleitung, dem zust\u00e4ndigen Account Manager und dem Eink\u00e4ufer besteht. Dieses Team untersucht","inLanguage":"de-DE","isPartOf":{"@id":"https:\/\/snapfitness.hidalgo.nl\/de\/#website"},"breadcrumb":{"@id":"https:\/\/snapfitness.hidalgo.nl\/de\/retouren\/#breadcrumblist"},"datePublished":"2026-01-23T09:29:16+01:00","dateModified":"2026-01-23T09:38:44+01:00"},{"@type":"WebSite","@id":"https:\/\/snapfitness.hidalgo.nl\/de\/#website","url":"https:\/\/snapfitness.hidalgo.nl\/de\/","name":"Snap Fitness","inLanguage":"de-DE","publisher":{"@id":"https:\/\/snapfitness.hidalgo.nl\/de\/#organization"}}]},"og:locale":"de_DE","og:site_name":"Snap Fitness -","og:type":"article","og:title":"Retouren - Snap Fitness","og:description":"Verfahren f\u00fcr den Produktr\u00fcckruf Bei Hidalgo Bags &amp; More steht die Produktsicherheit an erster Stelle. Wenn wir eine Meldung \u00fcber ein potenziell unsicheres oder mangelhaftes Produkt erhalten, wird diese umgehend von der Gesch\u00e4ftsleitung beurteilt. Bei Bedarf wird ein R\u00fcckrufteam zusammengestellt, das aus der Gesch\u00e4ftsleitung, dem zust\u00e4ndigen Account Manager und dem Eink\u00e4ufer besteht. Dieses Team untersucht","og:url":"https:\/\/snapfitness.hidalgo.nl\/de\/wp-json\/wp\/v2\/pages\/458","og:image":"https:\/\/shop.hidalgo.nl\/wp-content\/uploads\/2026\/01\/logo-17079890304.png","og:image:secure_url":"https:\/\/shop.hidalgo.nl\/wp-content\/uploads\/2026\/01\/logo-17079890304.png","article:published_time":"2026-01-23T09:29:16+00:00","article:modified_time":"2026-01-23T09:38:44+00:00","twitter:card":"summary_large_image","twitter:title":"Retouren - Snap Fitness","twitter:description":"Verfahren f\u00fcr den Produktr\u00fcckruf Bei Hidalgo Bags &amp; More steht die Produktsicherheit an erster Stelle. Wenn wir eine Meldung \u00fcber ein potenziell unsicheres oder mangelhaftes Produkt erhalten, wird diese umgehend von der Gesch\u00e4ftsleitung beurteilt. Bei Bedarf wird ein R\u00fcckrufteam zusammengestellt, das aus der Gesch\u00e4ftsleitung, dem zust\u00e4ndigen Account Manager und dem Eink\u00e4ufer besteht. Dieses Team untersucht","twitter:image":"https:\/\/shop.hidalgo.nl\/wp-content\/uploads\/2026\/01\/logo-17079890304.png"},"aioseo_meta_data":{"post_id":"458","title":null,"description":null,"keywords":null,"keyphrases":{"focus":{"keyphrase":"","score":0,"analysis":{"keyphraseInTitle":{"score":0,"maxScore":9,"error":1}}},"additional":[]},"primary_term":null,"canonical_url":null,"og_title":null,"og_description":null,"og_object_type":"default","og_image_type":"default","og_image_url":null,"og_image_width":null,"og_image_height":null,"og_image_custom_url":null,"og_image_custom_fields":null,"og_video":"","og_custom_url":null,"og_article_section":null,"og_article_tags":null,"twitter_use_og":false,"twitter_card":"default","twitter_image_type":"default","twitter_image_url":null,"twitter_image_custom_url":null,"twitter_image_custom_fields":null,"twitter_title":null,"twitter_description":null,"schema":{"blockGraphs":[],"customGraphs":[],"default":{"data":{"Article":[],"Course":[],"Dataset":[],"FAQPage":[],"Movie":[],"Person":[],"Product":[],"ProductReview":[],"Car":[],"Recipe":[],"Service":[],"SoftwareApplication":[],"WebPage":[]},"graphName":"WebPage","isEnabled":true},"graphs":[]},"schema_type":"default","schema_type_options":null,"pillar_content":false,"robots_default":true,"robots_noindex":false,"robots_noarchive":false,"robots_nosnippet":false,"robots_nofollow":false,"robots_noimageindex":false,"robots_noodp":false,"robots_notranslate":false,"robots_max_snippet":"-1","robots_max_videopreview":"-1","robots_max_imagepreview":"large","priority":null,"frequency":"default","local_seo":null,"seo_analyzer_scan_date":"2026-01-23 09:29:51","breadcrumb_settings":null,"limit_modified_date":false,"reviewed_by":null,"open_ai":null,"ai":{"faqs":[],"keyPoints":[],"titles":[],"descriptions":[],"socialPosts":{"email":[],"linkedin":[],"twitter":[],"facebook":[],"instagram":[]}},"created":"2026-01-23 09:38:44","updated":"2026-01-29 09:46:52"},"aioseo_breadcrumb":"<div class=\"aioseo-breadcrumbs\"><span class=\"aioseo-breadcrumb\">\n\t<a href=\"https:\/\/snapfitness.hidalgo.nl\/de\/\" title=\"Home\">Home<\/a>\n<\/span><span class=\"aioseo-breadcrumb-separator\">\u00bb<\/span><span class=\"aioseo-breadcrumb\">\n\tRetouren\n<\/span><\/div>","aioseo_breadcrumb_json":[{"label":"Home","link":"https:\/\/snapfitness.hidalgo.nl\/de\/"},{"label":"Retouren","link":"https:\/\/snapfitness.hidalgo.nl\/de\/retouren\/"}],"_links":{"self":[{"href":"https:\/\/snapfitness.hidalgo.nl\/de\/wp-json\/wp\/v2\/pages\/458","targetHints":{"allow":["GET"]}}],"collection":[{"href":"https:\/\/snapfitness.hidalgo.nl\/de\/wp-json\/wp\/v2\/pages"}],"about":[{"href":"https:\/\/snapfitness.hidalgo.nl\/de\/wp-json\/wp\/v2\/types\/page"}],"author":[{"embeddable":true,"href":"https:\/\/snapfitness.hidalgo.nl\/de\/wp-json\/wp\/v2\/users\/6"}],"replies":[{"embeddable":true,"href":"https:\/\/snapfitness.hidalgo.nl\/de\/wp-json\/wp\/v2\/comments?post=458"}],"version-history":[{"count":1,"href":"https:\/\/snapfitness.hidalgo.nl\/de\/wp-json\/wp\/v2\/pages\/458\/revisions"}],"predecessor-version":[{"id":459,"href":"https:\/\/snapfitness.hidalgo.nl\/de\/wp-json\/wp\/v2\/pages\/458\/revisions\/459"}],"wp:attachment":[{"href":"https:\/\/snapfitness.hidalgo.nl\/de\/wp-json\/wp\/v2\/media?parent=458"}],"curies":[{"name":"wp","href":"https:\/\/api.w.org\/{rel}","templated":true}]}}