{"id":452,"date":"2026-01-23T09:29:37","date_gmt":"2026-01-23T09:29:37","guid":{"rendered":"https:\/\/snapfitness.shop.hidalgo.nl\/cookie-erklaerung\/"},"modified":"2026-01-23T09:35:57","modified_gmt":"2026-01-23T09:35:57","slug":"cookie-erklaerung","status":"publish","type":"page","link":"https:\/\/snapfitness.hidalgo.nl\/de\/cookie-erklaerung\/","title":{"rendered":"Cookie-Erkl\u00e4rung"},"content":{"rendered":"<div class=\"statement\">\n<h4>1. Diese Website verwendet die folgenden Cookies<\/h4>\n<p><strong>Funktionale Cookies<\/strong> Diese Cookies sind f\u00fcr das Funktionieren des Webshops erforderlich. Diese Cookies werden auch verwendet, wenn der Besucher noch keine Cookies akzeptiert hat. <\/p>\n<table>\n<tbody>\n<tr>\n<th scope=\"col\">Cookie<\/th>\n<th scope=\"col\">Beschreibung<\/th>\n<\/tr>\n<tr>\n<th scope=\"row\">PHPSESSID<\/th>\n<td>Besuchersitzung, mit der beispielsweise der Warenkorb und ausgef\u00fcllte Formulare gespeichert werden.<\/td>\n<\/tr>\n<tr>\n<th scope=\"row\">SRV_ID<\/th>\n<td>Hier wird gespeichert, mit welchem Server eine Verbindung hergestellt wurde, sodass der Besucher w\u00e4hrend seiner Sitzung auf demselben Server bleibt.<\/td>\n<\/tr>\n<tr>\n<th scope=\"row\">cookieControl<\/th>\n<td>Dieser Cookie wird nur gesetzt, wenn der Besucher Cookies akzeptiert hat. So kann der Webshop sehen, ob die Cookies akzeptiert wurden.<\/td>\n<\/tr>\n<\/tbody>\n<\/table>\n<\/div>\n<div class=\"statement\">\n<h4>2. Tracking-Cookies<\/h4>\n<p><strong>Google Analytics<\/strong> Google Analytics kann \u00fcber die Einstellungen des Webshops durch Eingabe eines Google Analytics-Codes (UA-Code) aktiviert werden. \u00dcber die Einstellungen des Webshops hat der Kunde von Hidalgo auch die Kontrolle dar\u00fcber, wann Analytics-Cookies verwendet werden d\u00fcrfen und ob bestimmte Teile von Analytics tracken d\u00fcrfen, wenn die Cookie-Warnung nicht akzeptiert wurde. Google verarbeitet die Cookies gem\u00e4\u00df ihrer online einsehbaren Datenschutzrichtlinie.  <\/p>\n<table>\n<tbody>\n<tr>\n<th scope=\"col\">Cookie<\/th>\n<th scope=\"col\">Beschreibung<\/th>\n<\/tr>\n<tr>\n<th scope=\"row\">_ga,_gat,_gid<\/th>\n<td>Google Analytics. \u00dcber die Einstellungen ist es m\u00f6glich, anonymes Tracking ohne Cookie-Warnung oder Google Analytics eCommerce-Tracking ohne Cookie-Warnung zuzulassen.<\/td>\n<\/tr>\n<\/tbody>\n<\/table>\n<\/div>\n<div class=\"statement\">\n<h4>3. Sonstige Cookies<\/h4>\n<p>Es ist f\u00fcr Kunden von Hidalgo m\u00f6glich, selbst HTML und JavaScript zu ihrer Website hinzuzuf\u00fcgen. Dadurch k\u00f6nnen auch andere Cookies eingef\u00fchrt werden. Dar\u00fcber hinaus k\u00f6nnen durch das Einf\u00fcgen von Videos, Social-Media-Buttons und anderen Objekten Cookies von Drittanbietern hinzugef\u00fcgt werden. Auf diese letzten beiden Arten von Cookies hat Hidalgo keinen Einfluss.   <\/p>\n<p>Dar\u00fcber hinaus gibt es ein paar optionale Funktionalit\u00e4ten, die Hidalgo selbst anbietet:<\/p>\n<table>\n<tbody>\n<tr>\n<th scope=\"col\">Cookie<\/th>\n<th scope=\"col\">Beschreibung<\/th>\n<\/tr>\n<tr>\n<th scope=\"row\">newsletterPopup<\/th>\n<td>Wenn ein Newsletter-Anmeldeformular als Pop-up eingerichtet ist, wird mit diesem Cookie gespeichert, ob der Pop-up bereits einmal angezeigt wurde.<\/td>\n<\/tr>\n<\/tbody>\n<\/table>\n<\/div>\n<div class=\"statement\">\n<h4>4. Hidalgo verwendet die folgenden Cookies<\/h4>\n<p><strong>Funktionale Cookies<\/strong> Diese Cookies sind f\u00fcr das Funktionieren von Hidalgo erforderlich. Hidalgo ist nur mit Anmeldedaten zug\u00e4nglich. <\/p>\n<table>\n<tbody>\n<tr>\n<th scope=\"col\">Cookie<\/th>\n<th scope=\"col\">Beschreibung<\/th>\n<\/tr>\n<tr>\n<th scope=\"row\">PHPSESSID<\/th>\n<td>Besuchersitzung, wodurch Sitzungsvariablen f\u00fcr das Funktionieren von Hidalgo gespeichert werden k\u00f6nnen.<\/td>\n<\/tr>\n<tr>\n<th scope=\"row\">SRV_ID<\/th>\n<td>Hier wird gespeichert, mit welchem Server eine Verbindung hergestellt wurde, sodass der Besucher w\u00e4hrend seiner Sitzung auf demselben Server bleibt.<\/td>\n<\/tr>\n<tr>\n<th scope=\"row\">promocatUser<\/th>\n<td>In diesem Cookie werden sitzungsspezifische Informationen f\u00fcr den eingeloggten Benutzer von Hidalgo gespeichert (Benutzername, Rechte usw.).<\/td>\n<\/tr>\n<tr>\n<th scope=\"row\">G_ENABLED_IDPS<\/th>\n<td>A cookie from Google that is required for the Google Charts integration that draws charts.<\/td>\n<\/tr>\n<\/tbody>\n<\/table>\n<\/div>\n<p>&nbsp;<\/p>\n<h4>Datenschutz<\/h4>\n<p>Hidalgo respektiert die Privatsph\u00e4re aller Benutzer seiner Shops und sorgt daf\u00fcr, dass die von Ihnen angegebenen pers\u00f6nlichen Daten stets vertraulich behandelt werden. Wir verwenden Ihre Daten, um Bestellungen so schnell und einfach wie m\u00f6glich zu bearbeiten. <\/p>\n<p>&nbsp;<\/p>\n<h4>Ihre pers\u00f6nlichen Daten<\/h4>\n<p>Wir stellen Ihre pers\u00f6nlichen Daten ohne Ihre Zustimmung nicht Dritten zur Verf\u00fcgung, mit Ausnahme von Dritten, die bei der Ausf\u00fchrung Ihrer Bestellung eingeschaltet werden. Wir sch\u00e4tzen das Vertrauen, das Sie in uns setzen, und werden alles daran setzen, Ihre pers\u00f6nlichen Daten zu sch\u00fctzen. In der \u00dcbersicht unten k\u00f6nnen Sie sehen, wof\u00fcr wir Ihre Daten ben\u00f6tigen: Wenn Sie eine Bestellung aufgeben, ben\u00f6tigen wir Ihre NAW-, E-Mail-Adresse- und Zahlungsdaten, um Ihre Bestellung auszuf\u00fchren. Informationen \u00fcber Ihre Eink\u00e4ufe erm\u00f6glichen es uns, die Website zu personalisieren und Empfehlungen zu geben. Wenn Sie Ihre Zustimmung gegeben haben, werden wir Ihre Daten manchmal verwenden, um Sie \u00fcber spezielle Angebote und Aktionen zu informieren. Wenn Sie dies nicht w\u00fcnschen, senden Sie bitte eine E-Mail an info@Hidalgo.nl mit dem Text \u201eAbmelden\u201c.     <\/p>\n<p>&nbsp;<\/p>\n<h4>Cookies<\/h4>\n<p>Cookies sind kleine Textdateien, die automatisch von einer besuchten Internetseite auf dem Computer eines Besuchers platziert werden. In diesen Cookies k\u00f6nnen beispielsweise die Pr\u00e4ferenzen des Besuchers festgehalten werden, sodass die Internetseite bei einem n\u00e4chsten Besuch automatisch an diese Pr\u00e4ferenzen angepasst werden kann. Auch k\u00f6nnen (tempor\u00e4re) Cookies verwendet werden, um die Funktion einer Internetseite zu verbessern. Soweit Hidalgo solche Cookies verwendet, sind diese dazu bestimmt, unsere Website effizienter zu gestalten und nicht, um Daten \u00fcber das individuelle Internetverhalten zu sammeln.   <\/p>\n<p>&nbsp;<\/p>\n<h4>Links zu anderen Websites<\/h4>\n<p>Die Website von Hidalgo enth\u00e4lt Links zu anderen Websites, die au\u00dferhalb des Hidalgo-Domains liegen. Diese Links sind nur zur Information der Benutzer unserer Website aufgenommen. Hidalgo ist weder verantwortlich noch haftbar f\u00fcr den Inhalt der anderen Websites, noch f\u00fcr den Datenschutz auf diesen Seiten.<br \/>\nWenn Sie Fragen zur Datenschutzerkl\u00e4rung von Hidalgo haben, k\u00f6nnen Sie dies \u00fcber unsere Kontaktseite melden.  <\/p>\n","protected":false},"excerpt":{"rendered":"<p>1. Diese Website verwendet die folgenden Cookies Funktionale Cookies Diese Cookies sind f\u00fcr das Funktionieren des Webshops erforderlich. Diese Cookies werden auch verwendet, wenn der Besucher noch keine Cookies akzeptiert hat. Cookie Beschreibung PHPSESSID Besuchersitzung, mit der beispielsweise der Warenkorb und ausgef\u00fcllte Formulare gespeichert werden. SRV_ID Hier wird gespeichert, mit welchem Server eine Verbindung hergestellt&hellip; <a class=\"more-link\" href=\"https:\/\/snapfitness.hidalgo.nl\/de\/cookie-erklaerung\/\"><span class=\"screen-reader-text\">Cookie-Erkl\u00e4rung<\/span> weiterlesen<\/a><\/p>\n","protected":false},"author":6,"featured_media":0,"parent":0,"menu_order":0,"comment_status":"closed","ping_status":"closed","template":"","meta":{"_acf_changed":false,"_monsterinsights_skip_tracking":false,"_monsterinsights_sitenote_active":false,"_monsterinsights_sitenote_note":"","_monsterinsights_sitenote_category":0,"footnotes":""},"class_list":["post-452","page","type-page","status-publish","hentry","entry"],"acf":[],"aioseo_notices":[],"aioseo_head":"\n\t\t<!-- All in One SEO Pro 4.9.6.1 - aioseo.com -->\n\t<meta name=\"description\" content=\"1. Diese Website verwendet die folgenden Cookies Funktionale Cookies Diese Cookies sind f\u00fcr das Funktionieren des Webshops erforderlich. Diese Cookies werden auch verwendet, wenn der Besucher noch keine Cookies akzeptiert hat. Cookie Beschreibung PHPSESSID Besuchersitzung, mit der beispielsweise der Warenkorb und ausgef\u00fcllte Formulare gespeichert werden. SRV_ID Hier wird gespeichert, mit welchem Server eine Verbindung hergestellt\" \/>\n\t<meta name=\"robots\" content=\"max-image-preview:large\" \/>\n\t<meta name=\"google-site-verification\" content=\"BBMiYHShnVBoc8v9xoHf0FXMC27otVB0wiWxw_hFRrM\" \/>\n\t<link rel=\"canonical\" href=\"https:\/\/snapfitness.hidalgo.nl\/de\/wp-json\/wp\/v2\/pages\/452\" \/>\n\t<meta name=\"generator\" content=\"All in One SEO Pro (AIOSEO) 4.9.6.1\" \/>\n\t\t<meta property=\"og:locale\" content=\"de_DE\" \/>\n\t\t<meta property=\"og:site_name\" content=\"Snap Fitness -\" \/>\n\t\t<meta property=\"og:type\" content=\"article\" \/>\n\t\t<meta property=\"og:title\" content=\"Cookie-Erkl\u00e4rung - Snap Fitness\" \/>\n\t\t<meta property=\"og:description\" content=\"1. Diese Website verwendet die folgenden Cookies Funktionale Cookies Diese Cookies sind f\u00fcr das Funktionieren des Webshops erforderlich. Diese Cookies werden auch verwendet, wenn der Besucher noch keine Cookies akzeptiert hat. Cookie Beschreibung PHPSESSID Besuchersitzung, mit der beispielsweise der Warenkorb und ausgef\u00fcllte Formulare gespeichert werden. SRV_ID Hier wird gespeichert, mit welchem Server eine Verbindung hergestellt\" \/>\n\t\t<meta property=\"og:url\" content=\"https:\/\/snapfitness.hidalgo.nl\/de\/wp-json\/wp\/v2\/pages\/452\" \/>\n\t\t<meta property=\"og:image\" content=\"https:\/\/shop.hidalgo.nl\/wp-content\/uploads\/2026\/01\/logo-17079890304.png\" \/>\n\t\t<meta property=\"og:image:secure_url\" content=\"https:\/\/shop.hidalgo.nl\/wp-content\/uploads\/2026\/01\/logo-17079890304.png\" \/>\n\t\t<meta property=\"article:published_time\" content=\"2026-01-23T09:29:37+00:00\" \/>\n\t\t<meta property=\"article:modified_time\" content=\"2026-01-23T09:35:57+00:00\" \/>\n\t\t<meta name=\"twitter:card\" content=\"summary_large_image\" \/>\n\t\t<meta name=\"twitter:title\" content=\"Cookie-Erkl\u00e4rung - Snap Fitness\" \/>\n\t\t<meta name=\"twitter:description\" content=\"1. Diese Website verwendet die folgenden Cookies Funktionale Cookies Diese Cookies sind f\u00fcr das Funktionieren des Webshops erforderlich. Diese Cookies werden auch verwendet, wenn der Besucher noch keine Cookies akzeptiert hat. Cookie Beschreibung PHPSESSID Besuchersitzung, mit der beispielsweise der Warenkorb und ausgef\u00fcllte Formulare gespeichert werden. SRV_ID Hier wird gespeichert, mit welchem Server eine Verbindung hergestellt\" \/>\n\t\t<meta name=\"twitter:image\" content=\"https:\/\/shop.hidalgo.nl\/wp-content\/uploads\/2026\/01\/logo-17079890304.png\" \/>\n\t\t<script type=\"application\/ld+json\" class=\"aioseo-schema\">\n\t\t\t{\"@context\":\"https:\\\/\\\/schema.org\",\"@graph\":[{\"@type\":\"BreadcrumbList\",\"@id\":\"https:\\\/\\\/snapfitness.hidalgo.nl\\\/de\\\/cookie-erklaerung\\\/#breadcrumblist\",\"itemListElement\":[{\"@type\":\"ListItem\",\"@id\":\"https:\\\/\\\/snapfitness.hidalgo.nl\\\/de\\\/#listItem\",\"position\":1,\"name\":\"Home\",\"item\":\"https:\\\/\\\/snapfitness.hidalgo.nl\\\/de\\\/\",\"nextItem\":{\"@type\":\"ListItem\",\"@id\":\"https:\\\/\\\/snapfitness.hidalgo.nl\\\/de\\\/cookie-erklaerung\\\/#listItem\",\"name\":\"Cookie-Erkl\\u00e4rung\"}},{\"@type\":\"ListItem\",\"@id\":\"https:\\\/\\\/snapfitness.hidalgo.nl\\\/de\\\/cookie-erklaerung\\\/#listItem\",\"position\":2,\"name\":\"Cookie-Erkl\\u00e4rung\",\"previousItem\":{\"@type\":\"ListItem\",\"@id\":\"https:\\\/\\\/snapfitness.hidalgo.nl\\\/de\\\/#listItem\",\"name\":\"Home\"}}]},{\"@type\":\"Organization\",\"@id\":\"https:\\\/\\\/snapfitness.hidalgo.nl\\\/de\\\/#organization\",\"name\":\"Snap Fitness\",\"url\":\"https:\\\/\\\/snapfitness.hidalgo.nl\\\/de\\\/\",\"logo\":{\"@type\":\"ImageObject\",\"url\":\"https:\\\/\\\/shop.hidalgo.nl\\\/wp-content\\\/uploads\\\/2026\\\/01\\\/logo-17079890304.png\",\"@id\":\"https:\\\/\\\/snapfitness.hidalgo.nl\\\/de\\\/cookie-erklaerung\\\/#organizationLogo\",\"width\":394,\"height\":88},\"image\":{\"@id\":\"https:\\\/\\\/snapfitness.hidalgo.nl\\\/de\\\/cookie-erklaerung\\\/#organizationLogo\"}},{\"@type\":\"WebPage\",\"@id\":\"https:\\\/\\\/snapfitness.hidalgo.nl\\\/de\\\/cookie-erklaerung\\\/#webpage\",\"url\":\"https:\\\/\\\/snapfitness.hidalgo.nl\\\/de\\\/cookie-erklaerung\\\/\",\"name\":\"Cookie-Erkl\\u00e4rung - Snap Fitness\",\"description\":\"1. Diese Website verwendet die folgenden Cookies Funktionale Cookies Diese Cookies sind f\\u00fcr das Funktionieren des Webshops erforderlich. Diese Cookies werden auch verwendet, wenn der Besucher noch keine Cookies akzeptiert hat. Cookie Beschreibung PHPSESSID Besuchersitzung, mit der beispielsweise der Warenkorb und ausgef\\u00fcllte Formulare gespeichert werden. SRV_ID Hier wird gespeichert, mit welchem Server eine Verbindung hergestellt\",\"inLanguage\":\"de-DE\",\"isPartOf\":{\"@id\":\"https:\\\/\\\/snapfitness.hidalgo.nl\\\/de\\\/#website\"},\"breadcrumb\":{\"@id\":\"https:\\\/\\\/snapfitness.hidalgo.nl\\\/de\\\/cookie-erklaerung\\\/#breadcrumblist\"},\"datePublished\":\"2026-01-23T09:29:37+01:00\",\"dateModified\":\"2026-01-23T09:35:57+01:00\"},{\"@type\":\"WebSite\",\"@id\":\"https:\\\/\\\/snapfitness.hidalgo.nl\\\/de\\\/#website\",\"url\":\"https:\\\/\\\/snapfitness.hidalgo.nl\\\/de\\\/\",\"name\":\"Snap Fitness\",\"inLanguage\":\"de-DE\",\"publisher\":{\"@id\":\"https:\\\/\\\/snapfitness.hidalgo.nl\\\/de\\\/#organization\"}}]}\n\t\t<\/script>\n\t\t<!-- All in One SEO Pro -->\r\n\t\t<title>Cookie-Erkl\u00e4rung - Snap Fitness<\/title>\n\n","aioseo_head_json":{"title":"Cookie-Erkl\u00e4rung - Snap Fitness","description":"1. Diese Website verwendet die folgenden Cookies Funktionale Cookies Diese Cookies sind f\u00fcr das Funktionieren des Webshops erforderlich. Diese Cookies werden auch verwendet, wenn der Besucher noch keine Cookies akzeptiert hat. Cookie Beschreibung PHPSESSID Besuchersitzung, mit der beispielsweise der Warenkorb und ausgef\u00fcllte Formulare gespeichert werden. SRV_ID Hier wird gespeichert, mit welchem Server eine Verbindung hergestellt","canonical_url":"https:\/\/snapfitness.hidalgo.nl\/de\/wp-json\/wp\/v2\/pages\/452","robots":"max-image-preview:large","keywords":"","webmasterTools":{"google-site-verification":"BBMiYHShnVBoc8v9xoHf0FXMC27otVB0wiWxw_hFRrM","miscellaneous":""},"schema":{"@context":"https:\/\/schema.org","@graph":[{"@type":"BreadcrumbList","@id":"https:\/\/snapfitness.hidalgo.nl\/de\/cookie-erklaerung\/#breadcrumblist","itemListElement":[{"@type":"ListItem","@id":"https:\/\/snapfitness.hidalgo.nl\/de\/#listItem","position":1,"name":"Home","item":"https:\/\/snapfitness.hidalgo.nl\/de\/","nextItem":{"@type":"ListItem","@id":"https:\/\/snapfitness.hidalgo.nl\/de\/cookie-erklaerung\/#listItem","name":"Cookie-Erkl\u00e4rung"}},{"@type":"ListItem","@id":"https:\/\/snapfitness.hidalgo.nl\/de\/cookie-erklaerung\/#listItem","position":2,"name":"Cookie-Erkl\u00e4rung","previousItem":{"@type":"ListItem","@id":"https:\/\/snapfitness.hidalgo.nl\/de\/#listItem","name":"Home"}}]},{"@type":"Organization","@id":"https:\/\/snapfitness.hidalgo.nl\/de\/#organization","name":"Snap Fitness","url":"https:\/\/snapfitness.hidalgo.nl\/de\/","logo":{"@type":"ImageObject","url":"https:\/\/shop.hidalgo.nl\/wp-content\/uploads\/2026\/01\/logo-17079890304.png","@id":"https:\/\/snapfitness.hidalgo.nl\/de\/cookie-erklaerung\/#organizationLogo","width":394,"height":88},"image":{"@id":"https:\/\/snapfitness.hidalgo.nl\/de\/cookie-erklaerung\/#organizationLogo"}},{"@type":"WebPage","@id":"https:\/\/snapfitness.hidalgo.nl\/de\/cookie-erklaerung\/#webpage","url":"https:\/\/snapfitness.hidalgo.nl\/de\/cookie-erklaerung\/","name":"Cookie-Erkl\u00e4rung - Snap Fitness","description":"1. Diese Website verwendet die folgenden Cookies Funktionale Cookies Diese Cookies sind f\u00fcr das Funktionieren des Webshops erforderlich. Diese Cookies werden auch verwendet, wenn der Besucher noch keine Cookies akzeptiert hat. Cookie Beschreibung PHPSESSID Besuchersitzung, mit der beispielsweise der Warenkorb und ausgef\u00fcllte Formulare gespeichert werden. SRV_ID Hier wird gespeichert, mit welchem Server eine Verbindung hergestellt","inLanguage":"de-DE","isPartOf":{"@id":"https:\/\/snapfitness.hidalgo.nl\/de\/#website"},"breadcrumb":{"@id":"https:\/\/snapfitness.hidalgo.nl\/de\/cookie-erklaerung\/#breadcrumblist"},"datePublished":"2026-01-23T09:29:37+01:00","dateModified":"2026-01-23T09:35:57+01:00"},{"@type":"WebSite","@id":"https:\/\/snapfitness.hidalgo.nl\/de\/#website","url":"https:\/\/snapfitness.hidalgo.nl\/de\/","name":"Snap Fitness","inLanguage":"de-DE","publisher":{"@id":"https:\/\/snapfitness.hidalgo.nl\/de\/#organization"}}]},"og:locale":"de_DE","og:site_name":"Snap Fitness -","og:type":"article","og:title":"Cookie-Erkl\u00e4rung - Snap Fitness","og:description":"1. Diese Website verwendet die folgenden Cookies Funktionale Cookies Diese Cookies sind f\u00fcr das Funktionieren des Webshops erforderlich. Diese Cookies werden auch verwendet, wenn der Besucher noch keine Cookies akzeptiert hat. Cookie Beschreibung PHPSESSID Besuchersitzung, mit der beispielsweise der Warenkorb und ausgef\u00fcllte Formulare gespeichert werden. SRV_ID Hier wird gespeichert, mit welchem Server eine Verbindung hergestellt","og:url":"https:\/\/snapfitness.hidalgo.nl\/de\/wp-json\/wp\/v2\/pages\/452","og:image":"https:\/\/shop.hidalgo.nl\/wp-content\/uploads\/2026\/01\/logo-17079890304.png","og:image:secure_url":"https:\/\/shop.hidalgo.nl\/wp-content\/uploads\/2026\/01\/logo-17079890304.png","article:published_time":"2026-01-23T09:29:37+00:00","article:modified_time":"2026-01-23T09:35:57+00:00","twitter:card":"summary_large_image","twitter:title":"Cookie-Erkl\u00e4rung - Snap Fitness","twitter:description":"1. Diese Website verwendet die folgenden Cookies Funktionale Cookies Diese Cookies sind f\u00fcr das Funktionieren des Webshops erforderlich. Diese Cookies werden auch verwendet, wenn der Besucher noch keine Cookies akzeptiert hat. Cookie Beschreibung PHPSESSID Besuchersitzung, mit der beispielsweise der Warenkorb und ausgef\u00fcllte Formulare gespeichert werden. SRV_ID Hier wird gespeichert, mit welchem Server eine Verbindung hergestellt","twitter:image":"https:\/\/shop.hidalgo.nl\/wp-content\/uploads\/2026\/01\/logo-17079890304.png"},"aioseo_meta_data":{"post_id":"452","title":null,"description":null,"keywords":null,"keyphrases":{"focus":{"keyphrase":"","score":0,"analysis":{"keyphraseInTitle":{"score":0,"maxScore":9,"error":1}}},"additional":[]},"primary_term":null,"canonical_url":null,"og_title":null,"og_description":null,"og_object_type":"default","og_image_type":"default","og_image_url":null,"og_image_width":null,"og_image_height":null,"og_image_custom_url":null,"og_image_custom_fields":null,"og_video":"","og_custom_url":null,"og_article_section":null,"og_article_tags":null,"twitter_use_og":false,"twitter_card":"default","twitter_image_type":"default","twitter_image_url":null,"twitter_image_custom_url":null,"twitter_image_custom_fields":null,"twitter_title":null,"twitter_description":null,"schema":{"blockGraphs":[],"customGraphs":[],"default":{"data":{"Article":[],"Course":[],"Dataset":[],"FAQPage":[],"Movie":[],"Person":[],"Product":[],"ProductReview":[],"Car":[],"Recipe":[],"Service":[],"SoftwareApplication":[],"WebPage":[]},"graphName":"WebPage","isEnabled":true},"graphs":[]},"schema_type":"default","schema_type_options":null,"pillar_content":false,"robots_default":true,"robots_noindex":false,"robots_noarchive":false,"robots_nosnippet":false,"robots_nofollow":false,"robots_noimageindex":false,"robots_noodp":false,"robots_notranslate":false,"robots_max_snippet":"-1","robots_max_videopreview":"-1","robots_max_imagepreview":"large","priority":null,"frequency":"default","local_seo":null,"seo_analyzer_scan_date":"2026-01-23 09:29:52","breadcrumb_settings":null,"limit_modified_date":false,"reviewed_by":null,"open_ai":null,"ai":{"faqs":[],"keyPoints":[],"titles":[],"descriptions":[],"socialPosts":{"email":[],"linkedin":[],"twitter":[],"facebook":[],"instagram":[]}},"created":"2026-01-23 09:35:57","updated":"2026-01-29 09:46:52"},"aioseo_breadcrumb":"<div class=\"aioseo-breadcrumbs\"><span class=\"aioseo-breadcrumb\">\n\t<a href=\"https:\/\/snapfitness.hidalgo.nl\/de\/\" title=\"Home\">Home<\/a>\n<\/span><span class=\"aioseo-breadcrumb-separator\">\u00bb<\/span><span class=\"aioseo-breadcrumb\">\n\tCookie-Erkl\u00e4rung\n<\/span><\/div>","aioseo_breadcrumb_json":[{"label":"Home","link":"https:\/\/snapfitness.hidalgo.nl\/de\/"},{"label":"Cookie-Erkl\u00e4rung","link":"https:\/\/snapfitness.hidalgo.nl\/de\/cookie-erklaerung\/"}],"_links":{"self":[{"href":"https:\/\/snapfitness.hidalgo.nl\/de\/wp-json\/wp\/v2\/pages\/452","targetHints":{"allow":["GET"]}}],"collection":[{"href":"https:\/\/snapfitness.hidalgo.nl\/de\/wp-json\/wp\/v2\/pages"}],"about":[{"href":"https:\/\/snapfitness.hidalgo.nl\/de\/wp-json\/wp\/v2\/types\/page"}],"author":[{"embeddable":true,"href":"https:\/\/snapfitness.hidalgo.nl\/de\/wp-json\/wp\/v2\/users\/6"}],"replies":[{"embeddable":true,"href":"https:\/\/snapfitness.hidalgo.nl\/de\/wp-json\/wp\/v2\/comments?post=452"}],"version-history":[{"count":1,"href":"https:\/\/snapfitness.hidalgo.nl\/de\/wp-json\/wp\/v2\/pages\/452\/revisions"}],"predecessor-version":[{"id":453,"href":"https:\/\/snapfitness.hidalgo.nl\/de\/wp-json\/wp\/v2\/pages\/452\/revisions\/453"}],"wp:attachment":[{"href":"https:\/\/snapfitness.hidalgo.nl\/de\/wp-json\/wp\/v2\/media?parent=452"}],"curies":[{"name":"wp","href":"https:\/\/api.w.org\/{rel}","templated":true}]}}